{"id":3434,"date":"2025-06-19T05:58:58","date_gmt":"2025-06-19T02:58:58","guid":{"rendered":"https:\/\/investconsultint.com\/hakkimizda\/"},"modified":"2026-05-13T18:26:11","modified_gmt":"2026-05-13T15:26:11","slug":"hakkimizda","status":"publish","type":"page","link":"https:\/\/investconsultint.com\/tr\/hakkimizda\/","title":{"rendered":"Hakk\u0131m\u0131zda"},"content":{"rendered":"\t\t<div data-elementor-type=\"wp-page\" data-elementor-id=\"3434\" class=\"elementor elementor-3434 elementor-1740\" data-elementor-post-type=\"page\">\n\t\t\t\t<div class=\"elementor-element elementor-element-cfe38d6 e-flex e-con-boxed e-con e-parent\" data-id=\"cfe38d6\" data-element_type=\"container\" data-e-type=\"container\">\n\t\t\t\t\t<div class=\"e-con-inner\">\n\t\t<div class=\"elementor-element elementor-element-3c6ea98 e-con-full e-flex e-con e-child\" data-id=\"3c6ea98\" data-element_type=\"container\" data-e-type=\"container\">\n\t\t\t\t<div class=\"elementor-element elementor-element-bbc7262 elementor-widget elementor-widget-image\" data-id=\"bbc7262\" data-element_type=\"widget\" data-e-type=\"widget\" data-widget_type=\"image.default\">\n\t\t\t\t<div class=\"elementor-widget-container\">\n\t\t\t\t\t\t\t\t\t\t\t\t\t\t\t<img fetchpriority=\"high\" decoding=\"async\" width=\"627\" height=\"271\" src=\"https:\/\/investconsultint.com\/wp-content\/uploads\/2025\/05\/Logo-2.svg\" class=\"attachment-large size-large wp-image-1414\" alt=\"\" \/>\t\t\t\t\t\t\t\t\t\t\t\t\t\t\t<\/div>\n\t\t\t\t<\/div>\n\t\t\t\t<div class=\"elementor-element elementor-element-7d6d04e elementor-widget elementor-widget-heading\" data-id=\"7d6d04e\" data-element_type=\"widget\" data-e-type=\"widget\" data-widget_type=\"heading.default\">\n\t\t\t\t<div class=\"elementor-widget-container\">\n\t\t\t\t\t<h2 class=\"elementor-heading-title elementor-size-default\">Biz Kimiz \u2013 Invest Consult International\n<\/h2>\t\t\t\t<\/div>\n\t\t\t\t<\/div>\n\t\t\t\t<div class=\"elementor-element elementor-element-fba3283 elementor-widget elementor-widget-text-editor\" data-id=\"fba3283\" data-element_type=\"widget\" data-e-type=\"widget\" data-widget_type=\"text-editor.default\">\n\t\t\t\t<div class=\"elementor-widget-container\">\n\t\t\t\t\t\t\t\t\t<p><b>Invest Consult International<\/b><span style=\"font-weight: 400;\"> Bulgaristan&#8217;da yerle\u015fik, uluslararas\u0131 kuruculara, giri\u015fimcilere ve yat\u0131r\u0131mc\u0131lara Bulgaristan&#8217;da ba\u015far\u0131l\u0131 pazar giri\u015fi ve i\u015f operasyonlar\u0131 konusunda rehberlik eden uzman bir i\u015f dan\u0131\u015fmanl\u0131\u011f\u0131 \u015firketidir.<\/span><span style=\"font-weight: 400;\"><br><\/span><span style=\"font-weight: 400;\">Uzmanl\u0131\u011f\u0131m\u0131z, yerel piyasa bilgisini uluslararas\u0131 giri\u015fimcilik ruhuyla birle\u015ftirir. Yasal olarak g\u00fcvenli, vergisel olarak optimize edilmi\u015f ve b\u00fcy\u00fcme odakl\u0131 i\u015f \u00e7\u00f6z\u00fcmlerine b\u00fcy\u00fck \u00f6nem veriyoruz.<\/span><\/p><p>En b\u00fcy\u00fck \u00f6nceli\u011fimiz, ortaklar\u0131m\u0131za tek elden b\u00fct\u00fcnsel destek sunmakt\u0131r. Bu elbette sizin dilinizde ve e\u015fit \u015fartlarda ger\u00e7ekle\u015fir.<\/p>\t\t\t\t\t\t\t\t<\/div>\n\t\t\t\t<\/div>\n\t\t\t\t<\/div>\n\t\t<div class=\"elementor-element elementor-element-b3903a1 e-con-full e-flex e-con e-child\" data-id=\"b3903a1\" data-element_type=\"container\" data-e-type=\"container\">\n\t\t\t\t<div class=\"elementor-element elementor-element-46a1dea elementor-widget elementor-widget-image\" data-id=\"46a1dea\" data-element_type=\"widget\" data-e-type=\"widget\" data-widget_type=\"image.default\">\n\t\t\t\t<div class=\"elementor-widget-container\">\n\t\t\t\t\t\t\t\t\t\t\t\t\t\t\t<img decoding=\"async\" width=\"1024\" height=\"178\" src=\"https:\/\/investconsultint.com\/wp-content\/uploads\/2025\/07\/WhatsApp-Bild-2025-07-01-um-10.22.04_29e49879-1024x178.jpg\" class=\"attachment-large size-large wp-image-3435\" alt=\"\" srcset=\"https:\/\/investconsultint.com\/wp-content\/uploads\/2025\/07\/WhatsApp-Bild-2025-07-01-um-10.22.04_29e49879-1024x178.jpg 1024w, https:\/\/investconsultint.com\/wp-content\/uploads\/2025\/07\/WhatsApp-Bild-2025-07-01-um-10.22.04_29e49879-300x52.jpg 300w, https:\/\/investconsultint.com\/wp-content\/uploads\/2025\/07\/WhatsApp-Bild-2025-07-01-um-10.22.04_29e49879-768x133.jpg 768w, https:\/\/investconsultint.com\/wp-content\/uploads\/2025\/07\/WhatsApp-Bild-2025-07-01-um-10.22.04_29e49879-1536x267.jpg 1536w, https:\/\/investconsultint.com\/wp-content\/uploads\/2025\/07\/WhatsApp-Bild-2025-07-01-um-10.22.04_29e49879.jpg 1600w\" sizes=\"(max-width: 1024px) 100vw, 1024px\" \/>\t\t\t\t\t\t\t\t\t\t\t\t\t\t\t<\/div>\n\t\t\t\t<\/div>\n\t\t\t\t<\/div>\n\t\t\t\t\t<\/div>\n\t\t\t\t<\/div>\n\t\t<div class=\"elementor-element elementor-element-2331859 e-flex e-con-boxed e-con e-parent\" data-id=\"2331859\" data-element_type=\"container\" data-e-type=\"container\">\n\t\t\t\t\t<div class=\"e-con-inner\">\n\t\t\t\t<div class=\"elementor-element elementor-element-b4b07ff elementor-widget elementor-widget-spacer\" data-id=\"b4b07ff\" data-element_type=\"widget\" data-e-type=\"widget\" data-widget_type=\"spacer.default\">\n\t\t\t\t<div class=\"elementor-widget-container\">\n\t\t\t\t\t\t\t<div class=\"elementor-spacer\">\n\t\t\t<div class=\"elementor-spacer-inner\"><\/div>\n\t\t<\/div>\n\t\t\t\t\t\t<\/div>\n\t\t\t\t<\/div>\n\t\t\t\t\t<\/div>\n\t\t\t\t<\/div>\n\t\t<div class=\"elementor-element elementor-element-a9f0fb3 e-flex e-con-boxed e-con e-parent\" data-id=\"a9f0fb3\" data-element_type=\"container\" data-e-type=\"container\">\n\t\t\t\t\t<div class=\"e-con-inner\">\n\t\t\t\t<div class=\"elementor-element elementor-element-3760424 elementor-headline--style-rotate elementor-widget elementor-widget-animated-headline\" data-id=\"3760424\" data-element_type=\"widget\" data-e-type=\"widget\" data-settings=\"{&quot;headline_style&quot;:&quot;rotate&quot;,&quot;rotating_text&quot;:&quot;Misyon\\nVizyon\\nDe\\u011ferler\\n&quot;,&quot;animation_type&quot;:&quot;clip&quot;,&quot;rotate_iteration_delay&quot;:2000,&quot;loop&quot;:&quot;yes&quot;}\" data-widget_type=\"animated-headline.default\">\n\t\t\t\t<div class=\"elementor-widget-container\">\n\t\t\t\t\t\t\t<h3 class=\"elementor-headline elementor-headline-animation-type-clip\">\n\t\t\t\t\t<span class=\"elementor-headline-plain-text elementor-headline-text-wrapper\">Bizim<\/span>\n\t\t\t\t<span class=\"elementor-headline-dynamic-wrapper elementor-headline-text-wrapper\">\n\t\t\t\t\t<span class=\"elementor-headline-dynamic-text elementor-headline-text-active\">\n\t\t\t\tMisyon\t\t\t<\/span>\n\t\t\t\t\t<span class=\"elementor-headline-dynamic-text\">\n\t\t\t\tVizyon\t\t\t<\/span>\n\t\t\t\t\t<span class=\"elementor-headline-dynamic-text\">\n\t\t\t\tDe\u011ferler\t\t\t<\/span>\n\t\t\t\t\t<span class=\"elementor-headline-dynamic-text\">\n\t\t\t\t\t\t\t<\/span>\n\t\t\t\t\t\t<\/span>\n\t\t\t\t<\/h3>\n\t\t\t\t\t\t<\/div>\n\t\t\t\t<\/div>\n\t\t\t\t\t<\/div>\n\t\t\t\t<\/div>\n\t\t<div class=\"elementor-element elementor-element-1775794 e-grid e-con-full e-con e-child\" data-id=\"1775794\" data-element_type=\"container\" data-e-type=\"container\">\n\t\t<div class=\"elementor-element elementor-element-ce3915c e-con-full e-flex e-con e-child\" data-id=\"ce3915c\" data-element_type=\"container\" data-e-type=\"container\" data-settings=\"{&quot;background_background&quot;:&quot;classic&quot;}\">\n\t\t\t\t<div class=\"elementor-element elementor-element-402b773 elementor-headline--style-highlight elementor-widget elementor-widget-animated-headline\" data-id=\"402b773\" data-element_type=\"widget\" data-e-type=\"widget\" data-settings=\"{&quot;marker&quot;:&quot;underline&quot;,&quot;highlighted_text&quot;:&quot;Misyon&quot;,&quot;highlight_animation_duration&quot;:2000,&quot;highlight_iteration_delay&quot;:5000,&quot;headline_style&quot;:&quot;highlight&quot;,&quot;loop&quot;:&quot;yes&quot;}\" data-widget_type=\"animated-headline.default\">\n\t\t\t\t<div class=\"elementor-widget-container\">\n\t\t\t\t\t\t\t<h3 class=\"elementor-headline\">\n\t\t\t\t<span class=\"elementor-headline-dynamic-wrapper elementor-headline-text-wrapper\">\n\t\t\t\t\t<span class=\"elementor-headline-dynamic-text elementor-headline-text-active\">Misyon<\/span>\n\t\t\t\t<\/span>\n\t\t\t\t<\/h3>\n\t\t\t\t\t\t<\/div>\n\t\t\t\t<\/div>\n\t\t\t\t<div class=\"elementor-element elementor-element-29df74a elementor-widget elementor-widget-text-editor\" data-id=\"29df74a\" data-element_type=\"widget\" data-e-type=\"widget\" data-widget_type=\"text-editor.default\">\n\t\t\t\t<div class=\"elementor-widget-container\">\n\t\t\t\t\t\t\t\t\t<p><strong>Bulgaristan&#8217;\u0131 giri\u015fimcilik a\u00e7\u0131s\u0131ndan eri\u015filebilir k\u0131l\u0131yoruz.<br><\/strong><\/p>\t\t\t\t\t\t\t\t<\/div>\n\t\t\t\t<\/div>\n\t\t\t\t<div class=\"elementor-element elementor-element-7bdb676 elementor-widget elementor-widget-text-editor\" data-id=\"7bdb676\" data-element_type=\"widget\" data-e-type=\"widget\" data-widget_type=\"text-editor.default\">\n\t\t\t\t<div class=\"elementor-widget-container\">\n\t\t\t\t\t\t\t\t\t<p>Misyonumuz, uluslararas\u0131 giri\u015fimcilerin Bulgaristan pazar\u0131na giri\u015fini kolay, g\u00fcvenli ve ekonomik olarak anlaml\u0131 hale getirmektir. Bu s\u00fcre\u00e7te hukuki ve vergisel uzmanl\u0131\u011f\u0131 ki\u015fisel dan\u0131\u015fmanl\u0131k ve g\u00fcvenilir uygulamayla birle\u015ftiriyoruz.<\/p>\t\t\t\t\t\t\t\t<\/div>\n\t\t\t\t<\/div>\n\t\t\t\t<\/div>\n\t\t<div class=\"elementor-element elementor-element-553bfbb e-con-full e-flex e-con e-child\" data-id=\"553bfbb\" data-element_type=\"container\" data-e-type=\"container\" data-settings=\"{&quot;background_background&quot;:&quot;classic&quot;}\">\n\t\t\t\t<div class=\"elementor-element elementor-element-2b54967 elementor-headline--style-highlight elementor-widget elementor-widget-animated-headline\" data-id=\"2b54967\" data-element_type=\"widget\" data-e-type=\"widget\" data-settings=\"{&quot;marker&quot;:&quot;underline&quot;,&quot;highlighted_text&quot;:&quot;Vizyon&quot;,&quot;highlight_animation_duration&quot;:2000,&quot;highlight_iteration_delay&quot;:5000,&quot;headline_style&quot;:&quot;highlight&quot;,&quot;loop&quot;:&quot;yes&quot;}\" data-widget_type=\"animated-headline.default\">\n\t\t\t\t<div class=\"elementor-widget-container\">\n\t\t\t\t\t\t\t<h3 class=\"elementor-headline\">\n\t\t\t\t<span class=\"elementor-headline-dynamic-wrapper elementor-headline-text-wrapper\">\n\t\t\t\t\t<span class=\"elementor-headline-dynamic-text elementor-headline-text-active\">Vizyon<\/span>\n\t\t\t\t<\/span>\n\t\t\t\t<\/h3>\n\t\t\t\t\t\t<\/div>\n\t\t\t\t<\/div>\n\t\t\t\t<div class=\"elementor-element elementor-element-462726c elementor-widget elementor-widget-text-editor\" data-id=\"462726c\" data-element_type=\"widget\" data-e-type=\"widget\" data-widget_type=\"text-editor.default\">\n\t\t\t\t<div class=\"elementor-widget-container\">\n\t\t\t\t\t\t\t\t\t<p><strong>Bulgaristan&#8217;daki Almanca konu\u015fan \u015firketler i\u00e7in lider ortak olmak istiyoruz.<\/strong><\/p>\t\t\t\t\t\t\t\t<\/div>\n\t\t\t\t<\/div>\n\t\t\t\t<div class=\"elementor-element elementor-element-3c2ca18 elementor-widget elementor-widget-text-editor\" data-id=\"3c2ca18\" data-element_type=\"widget\" data-e-type=\"widget\" data-widget_type=\"text-editor.default\">\n\t\t\t\t<div class=\"elementor-widget-container\">\n\t\t\t\t\t\t\t\t\t<p>Vizyonumuz, uluslararas\u0131 kuruculara ve yat\u0131r\u0131mc\u0131lara Bulgaristan&#8217;a giden yolu a\u00e7an bir dan\u0131\u015fmanl\u0131k a\u011f\u0131d\u0131r. Dijital \u00e7\u00f6z\u00fcmler, yerel kaynaklar ve uzun vadeli ortakl\u0131klarla hareket ediyoruz.<\/p>\t\t\t\t\t\t\t\t<\/div>\n\t\t\t\t<\/div>\n\t\t\t\t<\/div>\n\t\t\t\t<\/div>\n\t\t<div class=\"elementor-element elementor-element-27a879c e-flex e-con-boxed e-con e-parent\" data-id=\"27a879c\" data-element_type=\"container\" data-e-type=\"container\">\n\t\t\t\t\t<div class=\"e-con-inner\">\n\t\t\t\t<div class=\"elementor-element elementor-element-e686cd9 elementor-widget elementor-widget-spacer\" data-id=\"e686cd9\" data-element_type=\"widget\" data-e-type=\"widget\" data-widget_type=\"spacer.default\">\n\t\t\t\t<div class=\"elementor-widget-container\">\n\t\t\t\t\t\t\t<div class=\"elementor-spacer\">\n\t\t\t<div class=\"elementor-spacer-inner\"><\/div>\n\t\t<\/div>\n\t\t\t\t\t\t<\/div>\n\t\t\t\t<\/div>\n\t\t\t\t\t<\/div>\n\t\t\t\t<\/div>\n\t\t<div class=\"elementor-element elementor-element-c7716b6 e-con-full e-flex e-con e-child\" data-id=\"c7716b6\" data-element_type=\"container\" data-e-type=\"container\" data-settings=\"{&quot;background_background&quot;:&quot;classic&quot;}\">\n\t\t\t\t<div class=\"elementor-element elementor-element-799abae elementor-headline--style-highlight elementor-widget elementor-widget-animated-headline\" data-id=\"799abae\" data-element_type=\"widget\" data-e-type=\"widget\" data-settings=\"{&quot;marker&quot;:&quot;underline&quot;,&quot;highlighted_text&quot;:&quot;  De\\u011ferler&quot;,&quot;highlight_animation_duration&quot;:2000,&quot;highlight_iteration_delay&quot;:5000,&quot;headline_style&quot;:&quot;highlight&quot;,&quot;loop&quot;:&quot;yes&quot;}\" data-widget_type=\"animated-headline.default\">\n\t\t\t\t<div class=\"elementor-widget-container\">\n\t\t\t\t\t\t\t<h3 class=\"elementor-headline\">\n\t\t\t\t<span class=\"elementor-headline-dynamic-wrapper elementor-headline-text-wrapper\">\n\t\t\t\t\t<span class=\"elementor-headline-dynamic-text elementor-headline-text-active\">  De\u011ferler<\/span>\n\t\t\t\t<\/span>\n\t\t\t\t<\/h3>\n\t\t\t\t\t\t<\/div>\n\t\t\t\t<\/div>\n\t\t\t\t<div class=\"elementor-element elementor-element-c6f612f elementor-widget elementor-widget-text-editor\" data-id=\"c6f612f\" data-element_type=\"widget\" data-e-type=\"widget\" data-widget_type=\"text-editor.default\">\n\t\t\t\t<div class=\"elementor-widget-container\">\n\t\t\t\t\t\t\t\t\t<p><strong>G\u00fcven &amp; \u015eeffafl\u0131k<\/strong>: A\u00e7\u0131k, d\u00fcr\u00fcst ve anla\u015f\u0131l\u0131r ileti\u015fim kurar\u0131z.<\/p><p><strong>G\u00fcvenilirlik<\/strong>: S\u00f6z\u00fcm\u00fcz\u00fc tutar\u0131z \u2013 el s\u0131k\u0131\u015fma kalitesiyle.<\/p><p><strong>Yetkinlik &amp; Uygulama Odakl\u0131l\u0131k<\/strong>: Ekibimiz deneyimi, uzmanl\u0131\u011f\u0131 ve giri\u015fimci d\u00fc\u015f\u00fcnceyi birle\u015ftirir.<\/p><p><strong>K\u00fclt\u00fcrleraras\u0131 Anlay\u0131\u015f<\/strong>: Uluslararas\u0131 i\u015f d\u00fcnyas\u0131 ile Bulgaristan aras\u0131nda k\u00f6pr\u00fcler kurar\u0131z.<\/p><p><strong>\u00c7\u00f6z\u00fcm Odakl\u0131l\u0131k<\/strong>: B\u00fcrokrasi engelleri yok \u2013 sadece uygulanabilir sonu\u00e7lar.<\/p>\t\t\t\t\t\t\t\t<\/div>\n\t\t\t\t<\/div>\n\t\t\t\t<\/div>\n\t\t\t\t<\/div>\n\t\t","protected":false},"excerpt":{"rendered":"<p>Biz Kimiz \u2013 Invest Consult International Invest Consult International Bulgaristan&#8217;da yerle\u015fik, uluslararas\u0131 kuruculara, giri\u015fimcilere ve yat\u0131r\u0131mc\u0131lara Bulgaristan&#8217;da ba\u015far\u0131l\u0131 pazar giri\u015fi ve i\u015f operasyonlar\u0131 konusunda rehberlik eden uzman bir i\u015f dan\u0131\u015fmanl\u0131\u011f\u0131 \u015firketidir.Uzmanl\u0131\u011f\u0131m\u0131z, yerel piyasa bilgisini uluslararas\u0131 giri\u015fimcilik ruhuyla birle\u015ftirir. Yasal olarak g\u00fcvenli, vergisel olarak optimize edilmi\u015f ve b\u00fcy\u00fcme odakl\u0131 i\u015f \u00e7\u00f6z\u00fcmlerine b\u00fcy\u00fck \u00f6nem veriyoruz. En b\u00fcy\u00fck [&hellip;]<\/p>\n","protected":false},"author":1,"featured_media":0,"parent":0,"menu_order":0,"comment_status":"closed","ping_status":"closed","template":"elementor_header_footer","meta":{"rank_math_title":"","rank_math_description":"","rank_math_focus_keyword":"","footnotes":""},"class_list":["post-3434","page","type-page","status-publish","hentry"],"blocksy_meta":[],"_links":{"self":[{"href":"https:\/\/investconsultint.com\/tr\/wp-json\/wp\/v2\/pages\/3434","targetHints":{"allow":["GET"]}}],"collection":[{"href":"https:\/\/investconsultint.com\/tr\/wp-json\/wp\/v2\/pages"}],"about":[{"href":"https:\/\/investconsultint.com\/tr\/wp-json\/wp\/v2\/types\/page"}],"author":[{"embeddable":true,"href":"https:\/\/investconsultint.com\/tr\/wp-json\/wp\/v2\/users\/1"}],"replies":[{"embeddable":true,"href":"https:\/\/investconsultint.com\/tr\/wp-json\/wp\/v2\/comments?post=3434"}],"version-history":[{"count":1,"href":"https:\/\/investconsultint.com\/tr\/wp-json\/wp\/v2\/pages\/3434\/revisions"}],"predecessor-version":[{"id":3436,"href":"https:\/\/investconsultint.com\/tr\/wp-json\/wp\/v2\/pages\/3434\/revisions\/3436"}],"wp:attachment":[{"href":"https:\/\/investconsultint.com\/tr\/wp-json\/wp\/v2\/media?parent=3434"}],"curies":[{"name":"wp","href":"https:\/\/api.w.org\/{rel}","templated":true}]}}